{"id":8863,"date":"2024-10-13T23:19:58","date_gmt":"2024-10-13T21:19:58","guid":{"rendered":"https:\/\/acor-ceremonies.ch\/?page_id=8863"},"modified":"2024-10-13T23:19:58","modified_gmt":"2024-10-13T21:19:58","slug":"home-2","status":"publish","type":"page","link":"https:\/\/acor-ceremonies.ch\/en\/","title":{"rendered":"Home"},"content":{"rendered":"[vc_row type=&#8221;full_width_background&#8221; full_screen_row_position=&#8221;middle&#8221; bg_image=&#8221;6352&#8243; bg_position=&#8221;center center&#8221; bg_repeat=&#8221;no-repeat&#8221; scene_position=&#8221;center&#8221; text_color=&#8221;light&#8221; text_align=&#8221;left&#8221; top_padding=&#8221;10%&#8221; bottom_padding=&#8221;10%&#8221; enable_gradient=&#8221;true&#8221; color_overlay=&#8221;#2d2d2d&#8221; color_overlay_2=&#8221;#848484&#8243; gradient_direction=&#8221;left_to_right&#8221; overlay_strength=&#8221;0.5&#8243; shape_divider_position=&#8221;bottom&#8221; bg_image_animation=&#8221;none&#8221; parallax_bg=&#8221;true&#8221; parallax_bg_speed=&#8221;fast&#8221; shape_type=&#8221;&#8221;][vc_column column_padding=&#8221;no-extra-padding&#8221; column_padding_position=&#8221;all&#8221; background_color_opacity=&#8221;1&#8243; background_hover_color_opacity=&#8221;1&#8243; column_link_target=&#8221;_self&#8221; column_shadow=&#8221;none&#8221; column_border_radius=&#8221;none&#8221; width=&#8221;3\/4&#8243; tablet_width_inherit=&#8221;default&#8221; tablet_text_alignment=&#8221;default&#8221; phone_text_alignment=&#8221;default&#8221; column_border_width=&#8221;none&#8221; column_border_style=&#8221;solid&#8221; bg_image_animation=&#8221;none&#8221;][vc_row_inner column_margin=&#8221;default&#8221; text_align=&#8221;left&#8221;][vc_column_inner column_padding=&#8221;no-extra-padding&#8221; column_padding_position=&#8221;all&#8221; background_color_opacity=&#8221;1&#8243; background_hover_color_opacity=&#8221;1&#8243; column_shadow=&#8221;none&#8221; column_border_radius=&#8221;none&#8221; column_link_target=&#8221;_self&#8221; width=&#8221;1\/2&#8243; tablet_width_inherit=&#8221;default&#8221; column_border_width=&#8221;none&#8221; column_border_style=&#8221;solid&#8221; bg_image_animation=&#8221;none&#8221;][nectar_highlighted_text style=&#8221;half_text&#8221;]\n<h2>Des vies, des \u00e9tapes, des c\u00e9r\u00e9monies<\/h2>\n[\/nectar_highlighted_text][\/vc_column_inner][vc_column_inner column_padding=&#8221;no-extra-padding&#8221; column_padding_position=&#8221;all&#8221; background_color_opacity=&#8221;1&#8243; background_hover_color_opacity=&#8221;1&#8243; column_shadow=&#8221;none&#8221; column_border_radius=&#8221;none&#8221; column_link_target=&#8221;_self&#8221; width=&#8221;1\/2&#8243; tablet_width_inherit=&#8221;default&#8221; column_border_width=&#8221;none&#8221; column_border_style=&#8221;solid&#8221; bg_image_animation=&#8221;none&#8221;][\/vc_column_inner][\/vc_row_inner][divider line_type=&#8221;Small Line&#8221; line_alignment=&#8221;default&#8221; line_thickness=&#8221;3&#8243; divider_color=&#8221;default&#8221; custom_height=&#8221;100&#8243;][vc_column_text]\n<div style=\"text-align: justify;\">Bienvenue sur le site de <strong>l&#8217;Association des c\u00e9l\u00e9brant\u00b7e\u00b7s et officiant\u00b7e\u00b7 romand\u00b7e\u00b7s (ACOR)<\/strong>.\u00a0Professionnel\u00b7le\u00b7s ind\u00e9pendant\u00b7e\u00b7s, nous avons pour vocation de cr\u00e9er des c\u00e9r\u00e9monies personnalis\u00e9es et authentiques.<\/div>\n<div style=\"text-align: justify;\">Nos vies sont en effet rythm\u00e9es par des \u00e9tapes-cl\u00e9: naissance, passage \u00e0 la vie adulte, unions amoureuses, arriv\u00e9e des enfants, s\u00e9parations, retraite, mort\u2026 Une c\u00e9r\u00e9monie nous permet de passer ces caps symboliques et de prendre conscience de nos \u00e9volutions.<\/div>\n<div style=\"text-align: justify;\">Vous \u00eates de plus en plus nombreux et nombreuses \u00e0 souhaiter des c\u00e9r\u00e9monies hors institutions religieuses, refl\u00e9tant votre diversit\u00e9 affective, culturelle et spirituelle. Les c\u00e9l\u00e9brant\u00b7e\u00b7s professionnel\u00b7le\u00b7s vous accompagnent dans la cr\u00e9ation d\u2019une c\u00e9r\u00e9monie forc\u00e9ment unique, puisqu\u2019elle vous ressemble.<\/div>\n<div>Pour vous accompagner, l\u2019ACOR a r\u00e9dig\u00e9 une<strong>\u00a0<span style=\"color: #efba47;\"><a style=\"color: #efba47;\" href=\"https:\/\/acor-ceremonies.ch\/wp-content\/uploads\/2020\/03\/2019_ACOR_final.pdf\">charte d\u00e9ontologique<\/a><\/span><\/strong>\u00a0que chacun\u00b7e de ses membres s\u2019engage \u00e0 respecter.<\/div>\n[\/vc_column_text][\/vc_column][vc_column column_padding=&#8221;no-extra-padding&#8221; column_padding_position=&#8221;all&#8221; background_color_opacity=&#8221;1&#8243; background_hover_color_opacity=&#8221;1&#8243; column_link_target=&#8221;_self&#8221; column_shadow=&#8221;none&#8221; column_border_radius=&#8221;none&#8221; width=&#8221;1\/4&#8243; tablet_width_inherit=&#8221;default&#8221; tablet_text_alignment=&#8221;default&#8221; phone_text_alignment=&#8221;default&#8221; column_border_width=&#8221;none&#8221; column_border_style=&#8221;solid&#8221; bg_image_animation=&#8221;none&#8221;][\/vc_column][\/vc_row][vc_row type=&#8221;in_container&#8221; full_screen_row_position=&#8221;middle&#8221; bg_color=&#8221;#ffffff&#8221; scene_position=&#8221;center&#8221; text_color=&#8221;dark&#8221; text_align=&#8221;left&#8221; overlay_strength=&#8221;0.3&#8243; shape_divider_position=&#8221;bottom&#8221; bg_image_animation=&#8221;none&#8221; shape_type=&#8221;&#8221;][vc_column column_padding=&#8221;no-extra-padding&#8221; column_padding_position=&#8221;all&#8221; background_color_opacity=&#8221;1&#8243; background_hover_color_opacity=&#8221;1&#8243; column_link_target=&#8221;_self&#8221; column_shadow=&#8221;none&#8221; column_border_radius=&#8221;none&#8221; width=&#8221;1\/1&#8243; tablet_width_inherit=&#8221;default&#8221; tablet_text_alignment=&#8221;default&#8221; phone_text_alignment=&#8221;default&#8221; column_border_width=&#8221;none&#8221; column_border_style=&#8221;solid&#8221; bg_image_animation=&#8221;none&#8221;][divider line_type=&#8221;No Line&#8221;][image_with_animation image_url=&#8221;8654&#8243; alignment=&#8221;center&#8221; animation=&#8221;Fade In&#8221; border_radius=&#8221;none&#8221; box_shadow=&#8221;none&#8221; max_width=&#8221;100%&#8221; img_link=&#8221;https:\/\/acor-ceremonies.ch\/wp-content\/uploads\/2024\/03\/ALL-PICS-JPO.pdf&#8221;][divider line_type=&#8221;No Line&#8221; custom_height=&#8221;67&#8243;][\/vc_column][\/vc_row][vc_row type=&#8221;full_width_content&#8221; full_screen_row_position=&#8221;middle&#8221; equal_height=&#8221;yes&#8221; bg_color=&#8221;#f7f7f7&#8243; scene_position=&#8221;center&#8221; text_color=&#8221;dark&#8221; text_align=&#8221;left&#8221; overlay_strength=&#8221;0.3&#8243; shape_divider_position=&#8221;bottom&#8221; bg_image_animation=&#8221;none&#8221; shape_type=&#8221;&#8221;][vc_column column_padding=&#8221;padding-1-percent&#8221; column_padding_position=&#8221;all&#8221; background_color_opacity=&#8221;1&#8243; background_hover_color_opacity=&#8221;1&#8243; column_link_target=&#8221;_self&#8221; column_shadow=&#8221;none&#8221; column_border_radius=&#8221;none&#8221; width=&#8221;1\/1&#8243; tablet_width_inherit=&#8221;default&#8221; tablet_text_alignment=&#8221;default&#8221; phone_text_alignment=&#8221;default&#8221; column_border_width=&#8221;none&#8221; column_border_style=&#8221;solid&#8221; bg_image_animation=&#8221;none&#8221;][vc_row_inner equal_height=&#8221;yes&#8221; column_margin=&#8221;default&#8221; text_align=&#8221;left&#8221;][vc_column_inner column_padding=&#8221;padding-1-percent&#8221; column_padding_position=&#8221;all&#8221; background_color_opacity=&#8221;1&#8243; background_hover_color_opacity=&#8221;1&#8243; column_shadow=&#8221;none&#8221; column_border_radius=&#8221;none&#8221; column_link_target=&#8221;_self&#8221; width=&#8221;1\/3&#8243; tablet_width_inherit=&#8221;default&#8221; column_border_width=&#8221;none&#8221; column_border_style=&#8221;solid&#8221; bg_image_animation=&#8221;none&#8221;][fancy_box box_style=&#8221;default&#8221; icon_family=&#8221;iconsmind&#8221; image_url=&#8221;6500&#8243; link_new_tab=&#8221;true&#8221; color=&#8221;extra-color-3&#8243; enable_animation=&#8221;true&#8221; animation=&#8221;fade-in-from-left&#8221; min_height=&#8221;100&#8243; link_url=&#8221;https:\/\/acor-ceremonies.ch\/ceremonies-mariages\/&#8221; icon_iconsmind=&#8221;iconsmind-Eci-Icon&#8221; icon_size=&#8221;40&#8243;]\n<h5><strong>MARIAGES<\/strong><\/h5>\n[\/fancy_box][\/vc_column_inner][vc_column_inner column_padding=&#8221;padding-1-percent&#8221; column_padding_position=&#8221;all&#8221; background_color_opacity=&#8221;1&#8243; background_hover_color_opacity=&#8221;1&#8243; column_shadow=&#8221;none&#8221; column_border_radius=&#8221;none&#8221; column_link_target=&#8221;_self&#8221; width=&#8221;1\/3&#8243; tablet_width_inherit=&#8221;default&#8221; column_border_width=&#8221;none&#8221; column_border_style=&#8221;solid&#8221; bg_image_animation=&#8221;none&#8221;][fancy_box box_style=&#8221;default&#8221; icon_family=&#8221;iconsmind&#8221; image_url=&#8221;6504&#8243; link_new_tab=&#8221;true&#8221; color=&#8221;extra-color-2&#8243; enable_animation=&#8221;true&#8221; animation=&#8221;fade-in-from-bottom&#8221; min_height=&#8221;100&#8243; link_url=&#8221;https:\/\/acor-ceremonies.ch\/ceremonies-funeraires\/&#8221; icon_iconsmind=&#8221;iconsmind-Environmental&#8221; icon_size=&#8221;40&#8243;]\n<h5><strong>FUN\u00c9RAILLES<\/strong><\/h5>\n[\/fancy_box][\/vc_column_inner][vc_column_inner column_padding=&#8221;padding-1-percent&#8221; column_padding_position=&#8221;all&#8221; background_color_opacity=&#8221;1&#8243; background_hover_color_opacity=&#8221;1&#8243; column_shadow=&#8221;none&#8221; column_border_radius=&#8221;none&#8221; column_link_target=&#8221;_self&#8221; width=&#8221;1\/3&#8243; tablet_width_inherit=&#8221;default&#8221; column_border_width=&#8221;none&#8221; column_border_style=&#8221;solid&#8221; bg_image_animation=&#8221;none&#8221;][fancy_box box_style=&#8221;default&#8221; icon_family=&#8221;iconsmind&#8221; image_url=&#8221;6505&#8243; link_new_tab=&#8221;true&#8221; color=&#8221;accent-color&#8221; enable_animation=&#8221;true&#8221; animation=&#8221;fade-in-from-right&#8221; min_height=&#8221;100&#8243; link_url=&#8221;https:\/\/acor-ceremonies.ch\/autres-ceremonies\/&#8221; icon_iconsmind=&#8221;iconsmind-Leafs&#8221; icon_size=&#8221;40&#8243;]\n<h5><strong>AUTRES C\u00c9R\u00c9MONIES<\/strong><\/h5>\n[\/fancy_box][\/vc_column_inner][\/vc_row_inner][\/vc_column][\/vc_row][vc_row type=&#8221;in_container&#8221; full_screen_row_position=&#8221;middle&#8221; scene_position=&#8221;center&#8221; text_color=&#8221;dark&#8221; text_align=&#8221;left&#8221; overlay_strength=&#8221;0.3&#8243; shape_divider_position=&#8221;bottom&#8221; bg_image_animation=&#8221;none&#8221;][vc_column column_padding=&#8221;no-extra-padding&#8221; column_padding_position=&#8221;all&#8221; background_color_opacity=&#8221;1&#8243; background_hover_color_opacity=&#8221;1&#8243; column_link_target=&#8221;_self&#8221; column_shadow=&#8221;none&#8221; column_border_radius=&#8221;none&#8221; width=&#8221;1\/1&#8243; tablet_width_inherit=&#8221;default&#8221; tablet_text_alignment=&#8221;default&#8221; phone_text_alignment=&#8221;default&#8221; column_border_width=&#8221;none&#8221; column_border_style=&#8221;solid&#8221; bg_image_animation=&#8221;none&#8221;][divider line_type=&#8221;Full Width Line&#8221; line_thickness=&#8221;3&#8243; divider_color=&#8221;extra-color-2&#8243;][\/vc_column][\/vc_row][vc_row type=&#8221;in_container&#8221; full_screen_row_position=&#8221;middle&#8221; scene_position=&#8221;center&#8221; text_color=&#8221;dark&#8221; text_align=&#8221;left&#8221; overlay_strength=&#8221;0.3&#8243; shape_divider_position=&#8221;bottom&#8221; bg_image_animation=&#8221;none&#8221;][vc_column column_padding=&#8221;no-extra-padding&#8221; column_padding_position=&#8221;all&#8221; background_color_opacity=&#8221;1&#8243; background_hover_color_opacity=&#8221;1&#8243; column_link_target=&#8221;_self&#8221; column_shadow=&#8221;none&#8221; column_border_radius=&#8221;none&#8221; width=&#8221;1\/1&#8243; tablet_width_inherit=&#8221;default&#8221; tablet_text_alignment=&#8221;default&#8221; phone_text_alignment=&#8221;default&#8221; column_border_width=&#8221;none&#8221; column_border_style=&#8221;solid&#8221; bg_image_animation=&#8221;none&#8221;][vc_custom_heading text=&#8221;Mais pourquoi choisir un.e c\u00e9l\u00e9brant.e de l\u2019ACOR ? \ud83e\udd14&#8221; font_container=&#8221;tag:h3|font_size:25|text_align:center|color:%23dc743b&#8221;][divider line_type=&#8221;No Line&#8221;][image_with_animation image_url=&#8221;8715&#8243; alignment=&#8221;center&#8221; animation=&#8221;Fade In&#8221; border_radius=&#8221;none&#8221; box_shadow=&#8221;none&#8221; max_width=&#8221;100%&#8221;][\/vc_column][\/vc_row][vc_row type=&#8221;in_container&#8221; full_screen_row_position=&#8221;middle&#8221; scene_position=&#8221;center&#8221; text_color=&#8221;dark&#8221; text_align=&#8221;left&#8221; overlay_strength=&#8221;0.3&#8243; shape_divider_position=&#8221;bottom&#8221; bg_image_animation=&#8221;none&#8221;][vc_column column_padding=&#8221;no-extra-padding&#8221; column_padding_position=&#8221;all&#8221; background_color_opacity=&#8221;1&#8243; background_hover_color_opacity=&#8221;1&#8243; column_link_target=&#8221;_self&#8221; column_shadow=&#8221;none&#8221; column_border_radius=&#8221;none&#8221; width=&#8221;1\/1&#8243; tablet_width_inherit=&#8221;default&#8221; tablet_text_alignment=&#8221;default&#8221; phone_text_alignment=&#8221;default&#8221; column_border_width=&#8221;none&#8221; column_border_style=&#8221;solid&#8221; bg_image_animation=&#8221;none&#8221;][divider line_type=&#8221;Full Width Line&#8221; line_thickness=&#8221;3&#8243; divider_color=&#8221;extra-color-2&#8243;][\/vc_column][\/vc_row][vc_row type=&#8221;in_container&#8221; full_screen_row_position=&#8221;middle&#8221; scene_position=&#8221;center&#8221; text_color=&#8221;dark&#8221; text_align=&#8221;left&#8221; overlay_strength=&#8221;0.3&#8243; shape_divider_position=&#8221;bottom&#8221; bg_image_animation=&#8221;none&#8221;][vc_column column_padding=&#8221;no-extra-padding&#8221; column_padding_position=&#8221;all&#8221; background_color_opacity=&#8221;1&#8243; background_hover_color_opacity=&#8221;1&#8243; column_link_target=&#8221;_self&#8221; column_shadow=&#8221;none&#8221; column_border_radius=&#8221;none&#8221; width=&#8221;1\/1&#8243; tablet_width_inherit=&#8221;default&#8221; tablet_text_alignment=&#8221;default&#8221; phone_text_alignment=&#8221;default&#8221; column_border_width=&#8221;none&#8221; column_border_style=&#8221;solid&#8221; bg_image_animation=&#8221;none&#8221;][heading]\n<h3><strong>Nos articles<\/strong><\/h3>\n[\/heading][recent_posts style=&#8221;slider_multiple_visible&#8221; category=&#8221;all&#8221; columns=&#8221;1&#8243; button_color=&#8221;Extra-Color-2&#8243; hover_shadow_type=&#8221;default&#8221; order=&#8221;DESC&#8221; orderby=&#8221;date&#8221;][\/vc_column][\/vc_row][vc_row type=&#8221;in_container&#8221; full_screen_row_position=&#8221;middle&#8221; scene_position=&#8221;center&#8221; text_color=&#8221;dark&#8221; text_align=&#8221;left&#8221; overlay_strength=&#8221;0.3&#8243; shape_divider_position=&#8221;bottom&#8221; bg_image_animation=&#8221;none&#8221;][vc_column column_padding=&#8221;no-extra-padding&#8221; column_padding_position=&#8221;all&#8221; background_color_opacity=&#8221;1&#8243; background_hover_color_opacity=&#8221;1&#8243; column_link_target=&#8221;_self&#8221; column_shadow=&#8221;none&#8221; column_border_radius=&#8221;none&#8221; width=&#8221;1\/1&#8243; tablet_width_inherit=&#8221;default&#8221; tablet_text_alignment=&#8221;default&#8221; phone_text_alignment=&#8221;default&#8221; column_border_width=&#8221;none&#8221; column_border_style=&#8221;solid&#8221; bg_image_animation=&#8221;none&#8221;][vc_column_text]\n<div id=\"tarifs\" class=\"wpb_row vc_row-fluid vc_row full-width-section standard_section \" data-midnight=\"dark\" data-top-percent=\"5%\" data-bg-mobile-hidden=\"\">\n<div class=\"col span_12 dark left\">\n<div class=\"vc_col-sm-12 tarifs wpb_column column_container vc_column_container col centered-text padding-1-percent instance-2\" data-t-w-inherits=\"default\" data-border-radius=\"none\" data-shadow=\"none\" data-border-animation=\"\" data-border-animation-delay=\"\" data-border-width=\"none\" data-border-style=\"solid\" data-border-color=\"\" data-bg-cover=\"\" data-padding-pos=\"all\" data-has-bg-color=\"false\" data-bg-color=\"\" data-bg-opacity=\"1\" data-hover-bg=\"\" data-hover-bg-opacity=\"1\" data-animation=\"\" data-delay=\"0\">\n<div class=\"vc_column-inner\">\n<div class=\"wpb_wrapper\">\n<div class=\"nectar-gradient-text\" data-direction=\"horizontal\" data-color=\"extra-color-gradient-1\">\n<h3><strong><span style=\"color: #dc743b;\"><a style=\"color: #dc743b;\" href=\"https:\/\/acor-ceremonies.ch\/charte-et-tarifs\/\">Tarifs conseill\u00e9s par l\u2019ACOR<\/a><\/span><\/strong><\/h3>\n<\/div>\n<\/div>\n<\/div>\n<\/div>\n<\/div>\n<\/div>\n<div id=\"tarifs\" class=\"wpb_row vc_row-fluid vc_row full-width-section standard_section \" data-midnight=\"dark\" data-bottom-percent=\"5%\" data-bg-mobile-hidden=\"\">\n<div class=\"row-bg-wrap\" data-bg-animation=\"none\">\n<div class=\"inner-wrap\">\n<div class=\"row-bg using-bg-color\"><\/div>\n<\/div>\n<\/div>\n<div class=\"col span_12 dark left\">\n<div class=\"vc_col-sm-12 tarifs wpb_column column_container vc_column_container col padding-1-percent instance-3\" data-t-w-inherits=\"default\" data-border-radius=\"none\" data-shadow=\"none\" data-border-animation=\"\" data-border-animation-delay=\"\" data-border-width=\"none\" data-border-style=\"solid\" data-border-color=\"\" data-bg-cover=\"\" data-padding-pos=\"all\" data-has-bg-color=\"false\" data-bg-color=\"\" data-bg-opacity=\"1\" data-hover-bg=\"\" data-hover-bg-opacity=\"1\" data-animation=\"\" data-delay=\"0\">\n<div class=\"vc_column-inner\">\n<div class=\"wpb_wrapper\">\n<div class=\"wpb_text_column wpb_content_element \">\n<div class=\"wpb_wrapper\">\n<p>La pr\u00e9paration et la c\u00e9l\u00e9bration d\u2019une c\u00e9r\u00e9monie personnalis\u00e9e exigent de la part du ou de la c\u00e9l\u00e9brant\u00b7e un investissement important en termes de temps. Les membres de notre association appliquent et recommandent des honoraires bas\u00e9s sur un tarif horaire de <strong>80.- chf \/ heure<\/strong>.<\/p>\n<\/div>\n<\/div>\n<div class=\"wpb_text_column wpb_content_element \">\n<div class=\"wpb_wrapper\">\n<p>A titre indicatif, les tarifs forfaitaires de base sont les suivants:<\/p>\n<\/div>\n<\/div>\n<\/div>\n<\/div>\n<\/div>\n<\/div>\n<\/div>\n[\/vc_column_text][vc_row_inner equal_height=&#8221;yes&#8221; content_placement=&#8221;top&#8221; column_margin=&#8221;default&#8221; text_align=&#8221;center&#8221;][vc_column_inner column_padding=&#8221;no-extra-padding&#8221; column_padding_position=&#8221;all&#8221; background_color_opacity=&#8221;1&#8243; background_hover_color_opacity=&#8221;1&#8243; column_shadow=&#8221;none&#8221; column_border_radius=&#8221;none&#8221; column_link_target=&#8221;_self&#8221; width=&#8221;1\/3&#8243; tablet_width_inherit=&#8221;default&#8221; column_border_width=&#8221;none&#8221; column_border_style=&#8221;solid&#8221; bg_image_animation=&#8221;none&#8221;][vc_column_text]\n<h5 style=\"text-align: center;\"><span style=\"color: #dc743b;\"><a style=\"color: #dc743b;\" href=\"https:\/\/acor-ceremonies.ch\/ceremonies-mariages\/\">Mariage<\/a><\/span><\/h5>\n<p style=\"text-align: center;\"><strong><br \/>\nD\u00e8s CHF 2,500.-<\/strong><\/p>\n[\/vc_column_text][\/vc_column_inner][vc_column_inner column_padding=&#8221;no-extra-padding&#8221; column_padding_position=&#8221;all&#8221; background_color_opacity=&#8221;1&#8243; background_hover_color_opacity=&#8221;1&#8243; column_shadow=&#8221;none&#8221; column_border_radius=&#8221;none&#8221; column_link_target=&#8221;_self&#8221; width=&#8221;1\/3&#8243; tablet_width_inherit=&#8221;default&#8221; column_border_width=&#8221;none&#8221; column_border_style=&#8221;solid&#8221; bg_image_animation=&#8221;none&#8221;][vc_column_text]\n<h5 style=\"text-align: center;\"><span style=\"color: #dc743b;\"><a style=\"color: #dc743b;\" href=\"https:\/\/acor-ceremonies.ch\/ceremonies-funeraires\/\">Fun\u00e9railles<\/a><\/span><\/h5>\n<p style=\"text-align: center;\"><strong><br \/>\nD\u00e8s CHF 1,200.-<\/strong><\/p>\n[\/vc_column_text][\/vc_column_inner][vc_column_inner column_padding=&#8221;no-extra-padding&#8221; column_padding_position=&#8221;all&#8221; background_color_opacity=&#8221;1&#8243; background_hover_color_opacity=&#8221;1&#8243; column_shadow=&#8221;none&#8221; column_border_radius=&#8221;none&#8221; column_link_target=&#8221;_self&#8221; width=&#8221;1\/3&#8243; tablet_width_inherit=&#8221;default&#8221; column_border_width=&#8221;none&#8221; column_border_style=&#8221;solid&#8221; bg_image_animation=&#8221;none&#8221;][vc_column_text]\n<h5 style=\"text-align: center;\"><span style=\"color: #dc743b;\"><a style=\"color: #dc743b;\" href=\"https:\/\/acor-ceremonies.ch\/autres-ceremonies\/\">Accueil d&#8217;un enfant<br \/>\net autres c\u00e9r\u00e9monies<\/a><\/span><\/h5>\n<p style=\"text-align: center;\"><strong>D\u00e8s CHF 1,200.-<\/strong><\/p>\n[\/vc_column_text][\/vc_column_inner][\/vc_row_inner][vc_column_text]Ces montants peuvent varier en fonction de la complexit\u00e9 de la c\u00e9r\u00e9monie et de conditions particuli\u00e8res de realisation.<br \/>\nLe ou la c\u00e9l\u00e9brant\u00b7e pourra inclure les frais de d\u00e9placement dans le forfait ou les facturer en plus.[\/vc_column_text][vc_row_inner column_margin=&#8221;default&#8221; text_align=&#8221;center&#8221;][vc_column_inner column_padding=&#8221;no-extra-padding&#8221; column_padding_position=&#8221;all&#8221; background_color_opacity=&#8221;1&#8243; background_hover_color_opacity=&#8221;1&#8243; column_shadow=&#8221;none&#8221; column_border_radius=&#8221;none&#8221; column_link_target=&#8221;_self&#8221; width=&#8221;1\/1&#8243; tablet_width_inherit=&#8221;default&#8221; column_border_width=&#8221;none&#8221; column_border_style=&#8221;solid&#8221; bg_image_animation=&#8221;none&#8221;][divider line_type=&#8221;No Line&#8221;][nectar_btn size=&#8221;large&#8221; open_new_tab=&#8221;true&#8221; button_style=&#8221;regular&#8221; button_color_2=&#8221;Extra-Color-2&#8243; icon_family=&#8221;none&#8221; url=&#8221;https:\/\/acor-ceremonies.ch\/contact\/&#8221; text=&#8221;Vers le formulaire de contact&#8221;][\/vc_column_inner][\/vc_row_inner][nectar_icon icon_family=&#8221;fontawesome&#8221; icon_style=&#8221;default&#8221; icon_color=&#8221;Accent-Color&#8221; icon_padding=&#8221;20px&#8221;][\/vc_column][\/vc_row]\n","protected":false},"excerpt":{"rendered":"<p>[vc_row type=&#8221;full_width_background&#8221; full_screen_row_position=&#8221;middle&#8221; bg_image=&#8221;6352&#8243; bg_position=&#8221;center center&#8221; bg_repeat=&#8221;no-repeat&#8221; scene_position=&#8221;center&#8221; text_color=&#8221;light&#8221; text_align=&#8221;left&#8221; top_padding=&#8221;10%&#8221; bottom_padding=&#8221;10%&#8221; enable_gradient=&#8221;true&#8221; color_overlay=&#8221;#2d2d2d&#8221; color_overlay_2=&#8221;#848484&#8243; gradient_direction=&#8221;left_to_right&#8221; overlay_strength=&#8221;0.5&#8243; shape_divider_position=&#8221;bottom&#8221; bg_image_animation=&#8221;none&#8221; parallax_bg=&#8221;true&#8221; parallax_bg_speed=&#8221;fast&#8221; shape_type=&#8221;&#8221;][vc_column column_padding=&#8221;no-extra-padding&#8221; column_padding_position=&#8221;all&#8221; background_color_opacity=&#8221;1&#8243; background_hover_color_opacity=&#8221;1&#8243; column_link_target=&#8221;_self&#8221; column_shadow=&#8221;none&#8221; column_border_radius=&#8221;none&#8221; width=&#8221;3\/4&#8243;&#8230;<\/p>\n","protected":false},"author":3,"featured_media":0,"parent":0,"menu_order":0,"comment_status":"closed","ping_status":"closed","template":"","meta":{"_cbd_carousel_blocks":"[]","_crdt_document":"","om_disable_all_campaigns":false,"_monsterinsights_skip_tracking":false,"_monsterinsights_sitenote_active":false,"_monsterinsights_sitenote_note":"","_monsterinsights_sitenote_category":0,"_uf_show_specific_survey":0,"_uf_disable_surveys":false,"footnotes":""},"class_list":["post-8863","page","type-page","status-publish"],"aioseo_notices":[],"_links":{"self":[{"href":"https:\/\/acor-ceremonies.ch\/en\/wp-json\/wp\/v2\/pages\/8863","targetHints":{"allow":["GET"]}}],"collection":[{"href":"https:\/\/acor-ceremonies.ch\/en\/wp-json\/wp\/v2\/pages"}],"about":[{"href":"https:\/\/acor-ceremonies.ch\/en\/wp-json\/wp\/v2\/types\/page"}],"author":[{"embeddable":true,"href":"https:\/\/acor-ceremonies.ch\/en\/wp-json\/wp\/v2\/users\/3"}],"replies":[{"embeddable":true,"href":"https:\/\/acor-ceremonies.ch\/en\/wp-json\/wp\/v2\/comments?post=8863"}],"version-history":[{"count":1,"href":"https:\/\/acor-ceremonies.ch\/en\/wp-json\/wp\/v2\/pages\/8863\/revisions"}],"predecessor-version":[{"id":8864,"href":"https:\/\/acor-ceremonies.ch\/en\/wp-json\/wp\/v2\/pages\/8863\/revisions\/8864"}],"wp:attachment":[{"href":"https:\/\/acor-ceremonies.ch\/en\/wp-json\/wp\/v2\/media?parent=8863"}],"curies":[{"name":"wp","href":"https:\/\/api.w.org\/{rel}","templated":true}]}}