{"id":9374,"date":"2026-01-13T16:00:51","date_gmt":"2026-01-13T15:00:51","guid":{"rendered":"https:\/\/acor-ceremonies.ch\/?page_id=9374"},"modified":"2026-01-23T10:52:12","modified_gmt":"2026-01-23T09:52:12","slug":"eric-3","status":"publish","type":"page","link":"https:\/\/acor-ceremonies.ch\/en\/eric-3\/","title":{"rendered":"Eric"},"content":{"rendered":"[vc_row type=&#8221;full_width_background&#8221; full_screen_row_position=&#8221;middle&#8221; equal_height=&#8221;yes&#8221; content_placement=&#8221;top&#8221; bg_color=&#8221;#ffffff&#8221; scene_position=&#8221;center&#8221; text_color=&#8221;dark&#8221; text_align=&#8221;left&#8221; top_padding=&#8221;4%&#8221; bottom_padding=&#8221;7%&#8221; overlay_strength=&#8221;0.3&#8243; shape_divider_position=&#8221;bottom&#8221; bg_image_animation=&#8221;none&#8221; shape_type=&#8221;&#8221;][vc_column column_padding=&#8221;no-extra-padding&#8221; column_padding_position=&#8221;all&#8221; background_color_opacity=&#8221;1&#8243; background_hover_color_opacity=&#8221;1&#8243; column_link_target=&#8221;_self&#8221; column_shadow=&#8221;none&#8221; column_border_radius=&#8221;none&#8221; width=&#8221;1\/2&#8243; tablet_width_inherit=&#8221;default&#8221; tablet_text_alignment=&#8221;default&#8221; phone_text_alignment=&#8221;default&#8221; column_border_width=&#8221;none&#8221; column_border_style=&#8221;solid&#8221; bg_image_animation=&#8221;none&#8221;][image_with_animation image_url=&#8221;9415&#8243; alignment=&#8221;&#8221; animation=&#8221;Fade In&#8221; border_radius=&#8221;none&#8221; box_shadow=&#8221;x_large_depth&#8221; max_width=&#8221;100%&#8221;][\/vc_column][vc_column column_padding=&#8221;padding-6-percent&#8221; column_padding_position=&#8221;all&#8221; background_color_opacity=&#8221;1&#8243; background_hover_color_opacity=&#8221;1&#8243; column_link_target=&#8221;_self&#8221; column_shadow=&#8221;none&#8221; column_border_radius=&#8221;none&#8221; width=&#8221;1\/2&#8243; tablet_width_inherit=&#8221;default&#8221; tablet_text_alignment=&#8221;default&#8221; phone_text_alignment=&#8221;default&#8221; column_border_width=&#8221;none&#8221; column_border_style=&#8221;solid&#8221; bg_image_animation=&#8221;none&#8221;][vc_custom_heading text=&#8221;Antoine Leroy&#8221; font_container=&#8221;tag:h2|font_size:40|text_align:left|color:%2354a360|line_height:50px&#8221; use_theme_fonts=&#8221;yes&#8221; css_animation=&#8221;fadeInUp&#8221;][vc_column_text css=&#8221;.vc_custom_1768316316259{margin-top: 30px !important;margin-bottom: 30px !important;}&#8221;]\n<div>Jurassien et Genevois d\u2019origine, je suis enracin\u00e9 au bord du lac de Bienne o\u00f9 je d\u00e9veloppe une activit\u00e9 de cueilleur d\u2019intentions en vue d\u2019accorder une juste place \u00e0 la po\u00e9tique de l\u2019instant. Dans ce cadre, je r\u00e9alise notamment des c\u00e9r\u00e9monies de fun\u00e9railles in\u00e9dites dans lesquelles vont rejaillir les facettes majeures de la personne d\u00e9funte.<\/div>\n<div><\/div>\n<div>Je rejoins tout d\u2019abord les familles et proches dans leur n\u00e9cessit\u00e9 du moment. Nous \u00e9laborons un d\u00e9roul\u00e9 en paroles, t\u00e9moignages, musiques et autres formes expressives l\u00e9gitimes. Je prends en charge l\u2019\u00e9criture du d\u00e9roul\u00e9 et sa validation, r\u00e8gle les questions pragmatiques d\u2019organisation et conduis la c\u00e9r\u00e9monie selon les termes du mandat.<\/div>\n<div><\/div>\n<div>D\u2019autre part j\u2019interviens sur demande pour cr\u00e9er et mener des protocoles sur mesure s\u2019agissant de couple, naissance, d\u00e9m\u00e9nagement, s\u00e9paration, divorce, nid vide, jubil\u00e9, entr\u00e9e en retraite, etc. Individuellement ou collectivement, je m\u2019ajuste \u00e0 chaque contexte et valeurs en usage.<\/div>\n<div><\/div>\n<div>C\u00e9l\u00e9brant ind\u00e9pendant depuis 2003, j\u2019ai \u00e9t\u00e9 form\u00e9 notamment par Jeltje Gordon-Lennox, Laura Sheleen et Marcia Karp. Spontan\u00e9it\u00e9, R\u00e9sonance et Gr\u00e2ce sont les muses qui m\u2019inspirent le plus suite \u00e0 mes autres formations dans le domaine de l\u2019animation socioculturelle, de la supervision et des arts vivants, entre r\u00e9f\u00e9rence syst\u00e9mique, m\u00e9thodes d\u2019action et approche narrative. Par ailleurs, je produis des contes d\u2019effets, dirige des sessions de th\u00e9\u00e2tre playback et m\u2019adonne \u00e0 la peinture pour lib\u00e9rer la lumi\u00e8re.<\/div>\n[\/vc_column_text][vc_row_inner column_margin=&#8221;default&#8221; text_align=&#8221;left&#8221;][vc_column_inner column_padding=&#8221;no-extra-padding&#8221; column_padding_position=&#8221;all&#8221; background_color_opacity=&#8221;1&#8243; background_hover_color_opacity=&#8221;1&#8243; column_shadow=&#8221;none&#8221; column_border_radius=&#8221;none&#8221; column_link_target=&#8221;_self&#8221; width=&#8221;1\/1&#8243; tablet_width_inherit=&#8221;default&#8221; column_border_width=&#8221;none&#8221; column_border_style=&#8221;solid&#8221; bg_image_animation=&#8221;none&#8221;][divider line_type=&#8221;No Line&#8221; custom_height=&#8221;40&#8243;]<div class=\"iwithtext\"><div class=\"iwt-icon\"> <i class=\"icon-default-style icon-comment accent-color\"><\/i> <\/div><div class=\"iwt-text\"> <strong>Langues<\/strong>: Fran\u00e7ais,\u00a0 Italien, Allemand lu <\/div><div class=\"clear\"><\/div><\/div><div class=\"iwithtext\"><div class=\"iwt-icon\"> <i class=\"icon-default-style icon-globe accent-color\"><\/i> <\/div><div class=\"iwt-text\"> <strong>Site web<\/strong>: Cette information sera disponible prochainement <\/div><div class=\"clear\"><\/div><\/div><div class=\"iwithtext\"><div class=\"iwt-icon\"> <i class=\"icon-default-style icon-envelope-alt accent-color\"><\/i> <\/div><div class=\"iwt-text\"> <strong>Email<\/strong>: <a class=\"defaultMailLink\" href=\"mailto:elaboraction@bluewin.ch\">elaboraction@bluewin.ch<\/a> <\/div><div class=\"clear\"><\/div><\/div><div class=\"iwithtext\"><div class=\"iwt-icon\"> <i class=\"icon-default-style icon-phone accent-color\"><\/i> <\/div><div class=\"iwt-text\"> <strong>T\u00e9l\u00e9phone<\/strong>: +41 79 743 34 66 <\/div><div class=\"clear\"><\/div><\/div>[\/vc_column_inner][\/vc_row_inner][divider line_type=&#8221;No Line&#8221;][nectar_btn size=&#8221;small&#8221; button_style=&#8221;regular&#8221; button_color_2=&#8221;Accent-Color&#8221; icon_family=&#8221;none&#8221; url=&#8221;https:\/\/acor-ceremonies.ch\/votre-celebrant\/&#8221; text=&#8221;Back to celebrants&#8221;][\/vc_column][\/vc_row]\n","protected":false},"excerpt":{"rendered":"<p>[vc_row type=&#8221;full_width_background&#8221; full_screen_row_position=&#8221;middle&#8221; equal_height=&#8221;yes&#8221; content_placement=&#8221;top&#8221; bg_color=&#8221;#ffffff&#8221; scene_position=&#8221;center&#8221; text_color=&#8221;dark&#8221; text_align=&#8221;left&#8221; top_padding=&#8221;4%&#8221; bottom_padding=&#8221;7%&#8221; overlay_strength=&#8221;0.3&#8243; shape_divider_position=&#8221;bottom&#8221; bg_image_animation=&#8221;none&#8221; shape_type=&#8221;&#8221;][vc_column column_padding=&#8221;no-extra-padding&#8221; column_padding_position=&#8221;all&#8221; background_color_opacity=&#8221;1&#8243; background_hover_color_opacity=&#8221;1&#8243; column_link_target=&#8221;_self&#8221; column_shadow=&#8221;none&#8221; column_border_radius=&#8221;none&#8221; width=&#8221;1\/2&#8243; tablet_width_inherit=&#8221;default&#8221; tablet_text_alignment=&#8221;default&#8221; phone_text_alignment=&#8221;default&#8221; column_border_width=&#8221;none&#8221; column_border_style=&#8221;solid&#8221; bg_image_animation=&#8221;none&#8221;][image_with_animation image_url=&#8221;9415&#8243;&#8230;<\/p>\n","protected":false},"author":3,"featured_media":0,"parent":0,"menu_order":0,"comment_status":"closed","ping_status":"closed","template":"","meta":{"_cbd_carousel_blocks":"[]","_crdt_document":"","om_disable_all_campaigns":false,"_monsterinsights_skip_tracking":false,"_monsterinsights_sitenote_active":false,"_monsterinsights_sitenote_note":"","_monsterinsights_sitenote_category":0,"_uf_show_specific_survey":0,"_uf_disable_surveys":false,"footnotes":""},"class_list":["post-9374","page","type-page","status-publish"],"aioseo_notices":[],"_links":{"self":[{"href":"https:\/\/acor-ceremonies.ch\/en\/wp-json\/wp\/v2\/pages\/9374","targetHints":{"allow":["GET"]}}],"collection":[{"href":"https:\/\/acor-ceremonies.ch\/en\/wp-json\/wp\/v2\/pages"}],"about":[{"href":"https:\/\/acor-ceremonies.ch\/en\/wp-json\/wp\/v2\/types\/page"}],"author":[{"embeddable":true,"href":"https:\/\/acor-ceremonies.ch\/en\/wp-json\/wp\/v2\/users\/3"}],"replies":[{"embeddable":true,"href":"https:\/\/acor-ceremonies.ch\/en\/wp-json\/wp\/v2\/comments?post=9374"}],"version-history":[{"count":3,"href":"https:\/\/acor-ceremonies.ch\/en\/wp-json\/wp\/v2\/pages\/9374\/revisions"}],"predecessor-version":[{"id":9420,"href":"https:\/\/acor-ceremonies.ch\/en\/wp-json\/wp\/v2\/pages\/9374\/revisions\/9420"}],"wp:attachment":[{"href":"https:\/\/acor-ceremonies.ch\/en\/wp-json\/wp\/v2\/media?parent=9374"}],"curies":[{"name":"wp","href":"https:\/\/api.w.org\/{rel}","templated":true}]}}