{"id":9470,"date":"2026-02-03T20:20:48","date_gmt":"2026-02-03T19:20:48","guid":{"rendered":"https:\/\/acor-ceremonies.ch\/?page_id=9470"},"modified":"2026-02-03T20:20:48","modified_gmt":"2026-02-03T19:20:48","slug":"barbara-2","status":"publish","type":"page","link":"https:\/\/acor-ceremonies.ch\/en\/barbara-2\/","title":{"rendered":"Barbara"},"content":{"rendered":"[vc_row type=&#8221;full_width_background&#8221; full_screen_row_position=&#8221;middle&#8221; equal_height=&#8221;yes&#8221; content_placement=&#8221;top&#8221; bg_color=&#8221;#ffffff&#8221; scene_position=&#8221;center&#8221; text_color=&#8221;dark&#8221; text_align=&#8221;left&#8221; top_padding=&#8221;4%&#8221; bottom_padding=&#8221;7%&#8221; overlay_strength=&#8221;0.3&#8243; shape_divider_position=&#8221;bottom&#8221; bg_image_animation=&#8221;none&#8221; shape_type=&#8221;&#8221;][vc_column column_padding=&#8221;no-extra-padding&#8221; column_padding_position=&#8221;all&#8221; background_color_opacity=&#8221;1&#8243; background_hover_color_opacity=&#8221;1&#8243; column_link_target=&#8221;_self&#8221; column_shadow=&#8221;none&#8221; column_border_radius=&#8221;none&#8221; width=&#8221;1\/2&#8243; tablet_width_inherit=&#8221;default&#8221; tablet_text_alignment=&#8221;default&#8221; phone_text_alignment=&#8221;default&#8221; column_border_width=&#8221;none&#8221; column_border_style=&#8221;solid&#8221; bg_image_animation=&#8221;none&#8221;][image_with_animation image_url=&#8221;7465&#8243; alignment=&#8221;&#8221; animation=&#8221;Fade In&#8221; border_radius=&#8221;none&#8221; box_shadow=&#8221;x_large_depth&#8221; max_width=&#8221;100%&#8221;][\/vc_column][vc_column column_padding=&#8221;padding-6-percent&#8221; column_padding_position=&#8221;all&#8221; background_color_opacity=&#8221;1&#8243; background_hover_color_opacity=&#8221;1&#8243; column_link_target=&#8221;_self&#8221; column_shadow=&#8221;none&#8221; column_border_radius=&#8221;none&#8221; width=&#8221;1\/2&#8243; tablet_width_inherit=&#8221;default&#8221; tablet_text_alignment=&#8221;default&#8221; phone_text_alignment=&#8221;default&#8221; column_border_width=&#8221;none&#8221; column_border_style=&#8221;solid&#8221; bg_image_animation=&#8221;none&#8221;][vc_custom_heading text=&#8221;Barbara Daldini&#8221; font_container=&#8221;tag:h2|font_size:40|text_align:left|color:%2354a360|line_height:50px&#8221; use_theme_fonts=&#8221;yes&#8221; css_animation=&#8221;fadeInUp&#8221;][vc_column_text css=&#8221;.vc_custom_1625749493116{margin-top: 30px !important;margin-bottom: 30px !important;}&#8221;]\n<p style=\"text-align: justify;\">N\u00e9e \u00e0 Lugano dans les ann\u00e9es 70, j\u2019ai grandi \u00e0 Gen\u00e8ve dans une famille tessinoise. Ainsi depuis ma tendre enfance, je navigue entre 2 cultures. J\u2019aime l\u2019\u00e9nergie que procure le soleil g\u00e9n\u00e9reux du sud des Alpes. Au nord, j\u2019aime, par exemple, les fa\u00e7ades \u00e9pur\u00e9es des b\u00e2timents, symbole d\u2019une certaine rigueur.<\/p>\n<p style=\"text-align: justify;\">Tr\u00e8s t\u00f4t, j\u2019ai su que je voulais, dans le sens noble du terme, \u00ab\u00a0servir l\u2019autre\u00a0\u00bb. J\u2019ai alors travaill\u00e9 de nombreuses ann\u00e9es en Suisse et \u00e0 l\u2019\u00e9tranger dans le secteur de l\u2019hospitalit\u00e9. Que ce soit en Asie, en Europe ou au Proche-Orient, \u00eatre \u00e0 l\u2019\u00e9coute, \u00eatre attentive et bienveillante, et comprendre les besoins d\u2019autrui, ont \u00e9t\u00e9 des qualit\u00e9s essentielles pour mon parcours professionnel. Dans l\u2019\u00e9change, j\u2019ai beaucoup re\u00e7u des autres\u00a0: des histoires de vie, des moments de partage et des \u00e9motions intenses.<\/p>\n<p style=\"text-align: justify;\">J\u2019ai voyag\u00e9 ailleurs, mais j\u2019ai aussi fait des voyages plus introspectifs. Entre autre, en assistant \u00e0 des c\u00e9r\u00e9monies fun\u00e9raires la\u00efques au cours de ma vie, j\u2019ai r\u00e9alis\u00e9 toute l\u2019importance d\u2019honorer le d\u00e9funt.<\/p>\n<p style=\"text-align: justify;\">Honorer le d\u00e9funt, avec une c\u00e9r\u00e9monie \u00e0 son image, avec un hommage o\u00f9 les mots ont du sens, dans le respect des valeurs et des sensibilit\u00e9s des proches, c\u2019est aussi aider les vivants dans leur cheminement de deuil.<\/p>\n<p style=\"text-align: justify;\">Je souhaite pouvoir vous accompagner un bout du chemin et je mets \u00e0 votre disposition mon savoir-faire\u00a0et mon savoir-\u00eatre : l\u2019accueil de tous, une \u00e9criture de qualit\u00e9, un environnement de confiance, la discr\u00e9tion, le multilinguisme, le sens de l\u2019organisation et le soutien.[\/vc_column_text][vc_row_inner column_margin=&#8221;default&#8221; text_align=&#8221;left&#8221;][vc_column_inner column_padding=&#8221;no-extra-padding&#8221; column_padding_position=&#8221;all&#8221; background_color_opacity=&#8221;1&#8243; background_hover_color_opacity=&#8221;1&#8243; column_shadow=&#8221;none&#8221; column_border_radius=&#8221;none&#8221; column_link_target=&#8221;_self&#8221; width=&#8221;1\/1&#8243; tablet_width_inherit=&#8221;default&#8221; column_border_width=&#8221;none&#8221; column_border_style=&#8221;solid&#8221; bg_image_animation=&#8221;none&#8221;][divider line_type=&#8221;No Line&#8221; custom_height=&#8221;40&#8243;]<div class=\"iwithtext\"><div class=\"iwt-icon\"> <i class=\"icon-default-style icon-comment accent-color\"><\/i> <\/div><div class=\"iwt-text\"> <strong>Langues<\/strong>: Fran\u00e7ais | Italien | Anglais (Allemand : oralement uniquement) <\/div><div class=\"clear\"><\/div><\/div><div class=\"iwithtext\"><div class=\"iwt-icon\"> <i class=\"icon-default-style icon-globe accent-color\"><\/i> <\/div><div class=\"iwt-text\"> <strong>Website<\/strong>: <a href=\"http:\/\/www.etreetcelebrer.ch\">www.etreetcelebrer.ch<\/a> <\/div><div class=\"clear\"><\/div><\/div><div class=\"iwithtext\"><div class=\"iwt-icon\"> <i class=\"icon-default-style icon-envelope-alt accent-color\"><\/i> <\/div><div class=\"iwt-text\"> <strong>Email<\/strong>: <a class=\"c-link\" href=\"mailto:bdaldini@ik.me\" target=\"_blank\" rel=\"noopener noreferrer\" data-stringify-link=\"mailto:bdaldini@ik.me\" data-sk=\"tooltip_parent\">bdaldini@ik.me<\/a> <\/div><div class=\"clear\"><\/div><\/div><div class=\"iwithtext\"><div class=\"iwt-icon\"> <i class=\"icon-default-style icon-phone accent-color\"><\/i> <\/div><div class=\"iwt-text\"> <strong>Telephone<\/strong>: <a href=\"tel:+41%2079%20627%2006%2058\">+41 79 627 06 58<\/a> <\/div><div class=\"clear\"><\/div><\/div>[\/vc_column_inner][\/vc_row_inner][divider line_type=&#8221;No Line&#8221;][nectar_btn size=&#8221;small&#8221; button_style=&#8221;regular&#8221; button_color_2=&#8221;Accent-Color&#8221; icon_family=&#8221;none&#8221; url=&#8221;https:\/\/acor-ceremonies.ch\/votre-celebrant\/&#8221; text=&#8221;Back to celebrants&#8221;][\/vc_column][\/vc_row][vc_row type=&#8221;in_container&#8221; full_screen_row_position=&#8221;middle&#8221; scene_position=&#8221;center&#8221; text_color=&#8221;dark&#8221; text_align=&#8221;left&#8221; overlay_strength=&#8221;0.3&#8243; shape_divider_position=&#8221;bottom&#8221; bg_image_animation=&#8221;none&#8221;][vc_column column_padding=&#8221;no-extra-padding&#8221; column_padding_position=&#8221;all&#8221; background_color_opacity=&#8221;1&#8243; background_hover_color_opacity=&#8221;1&#8243; column_link_target=&#8221;_self&#8221; column_shadow=&#8221;none&#8221; column_border_radius=&#8221;none&#8221; width=&#8221;1\/1&#8243; tablet_width_inherit=&#8221;default&#8221; tablet_text_alignment=&#8221;default&#8221; phone_text_alignment=&#8221;default&#8221; column_border_width=&#8221;none&#8221; column_border_style=&#8221;solid&#8221; bg_image_animation=&#8221;none&#8221;][vc_column_text][\/vc_column_text][\/vc_column][\/vc_row]\n","protected":false},"excerpt":{"rendered":"<p>[vc_row type=&#8221;full_width_background&#8221; full_screen_row_position=&#8221;middle&#8221; equal_height=&#8221;yes&#8221; content_placement=&#8221;top&#8221; bg_color=&#8221;#ffffff&#8221; scene_position=&#8221;center&#8221; text_color=&#8221;dark&#8221; text_align=&#8221;left&#8221; top_padding=&#8221;4%&#8221; bottom_padding=&#8221;7%&#8221; overlay_strength=&#8221;0.3&#8243; shape_divider_position=&#8221;bottom&#8221; bg_image_animation=&#8221;none&#8221; shape_type=&#8221;&#8221;][vc_column column_padding=&#8221;no-extra-padding&#8221; column_padding_position=&#8221;all&#8221; background_color_opacity=&#8221;1&#8243; background_hover_color_opacity=&#8221;1&#8243; column_link_target=&#8221;_self&#8221; column_shadow=&#8221;none&#8221; column_border_radius=&#8221;none&#8221; width=&#8221;1\/2&#8243; tablet_width_inherit=&#8221;default&#8221; tablet_text_alignment=&#8221;default&#8221; phone_text_alignment=&#8221;default&#8221; column_border_width=&#8221;none&#8221; column_border_style=&#8221;solid&#8221; bg_image_animation=&#8221;none&#8221;][image_with_animation image_url=&#8221;7465&#8243;&#8230;<\/p>\n","protected":false},"author":3,"featured_media":0,"parent":0,"menu_order":0,"comment_status":"closed","ping_status":"closed","template":"","meta":{"_cbd_carousel_blocks":"[]","_crdt_document":"","om_disable_all_campaigns":false,"_monsterinsights_skip_tracking":false,"_monsterinsights_sitenote_active":false,"_monsterinsights_sitenote_note":"","_monsterinsights_sitenote_category":0,"_uf_show_specific_survey":0,"_uf_disable_surveys":false,"footnotes":""},"class_list":["post-9470","page","type-page","status-publish"],"aioseo_notices":[],"_links":{"self":[{"href":"https:\/\/acor-ceremonies.ch\/en\/wp-json\/wp\/v2\/pages\/9470","targetHints":{"allow":["GET"]}}],"collection":[{"href":"https:\/\/acor-ceremonies.ch\/en\/wp-json\/wp\/v2\/pages"}],"about":[{"href":"https:\/\/acor-ceremonies.ch\/en\/wp-json\/wp\/v2\/types\/page"}],"author":[{"embeddable":true,"href":"https:\/\/acor-ceremonies.ch\/en\/wp-json\/wp\/v2\/users\/3"}],"replies":[{"embeddable":true,"href":"https:\/\/acor-ceremonies.ch\/en\/wp-json\/wp\/v2\/comments?post=9470"}],"version-history":[{"count":1,"href":"https:\/\/acor-ceremonies.ch\/en\/wp-json\/wp\/v2\/pages\/9470\/revisions"}],"predecessor-version":[{"id":9471,"href":"https:\/\/acor-ceremonies.ch\/en\/wp-json\/wp\/v2\/pages\/9470\/revisions\/9471"}],"wp:attachment":[{"href":"https:\/\/acor-ceremonies.ch\/en\/wp-json\/wp\/v2\/media?parent=9470"}],"curies":[{"name":"wp","href":"https:\/\/api.w.org\/{rel}","templated":true}]}}