{"id":9500,"date":"2026-04-12T20:32:35","date_gmt":"2026-04-12T18:32:35","guid":{"rendered":"https:\/\/acor-ceremonies.ch\/?page_id=9500"},"modified":"2026-04-12T20:32:35","modified_gmt":"2026-04-12T18:32:35","slug":"barbara-3","status":"publish","type":"page","link":"https:\/\/acor-ceremonies.ch\/en\/barbara-3\/","title":{"rendered":"Barbara"},"content":{"rendered":"[vc_row type=&#8221;full_width_background&#8221; full_screen_row_position=&#8221;middle&#8221; equal_height=&#8221;yes&#8221; content_placement=&#8221;top&#8221; bg_color=&#8221;#ffffff&#8221; scene_position=&#8221;center&#8221; text_color=&#8221;dark&#8221; text_align=&#8221;left&#8221; top_padding=&#8221;4%&#8221; bottom_padding=&#8221;7%&#8221; overlay_strength=&#8221;0.3&#8243; shape_divider_position=&#8221;bottom&#8221; bg_image_animation=&#8221;none&#8221; shape_type=&#8221;&#8221;][vc_column column_padding=&#8221;no-extra-padding&#8221; column_padding_position=&#8221;all&#8221; background_color_opacity=&#8221;1&#8243; background_hover_color_opacity=&#8221;1&#8243; column_link_target=&#8221;_self&#8221; column_shadow=&#8221;none&#8221; column_border_radius=&#8221;none&#8221; width=&#8221;1\/2&#8243; tablet_width_inherit=&#8221;default&#8221; tablet_text_alignment=&#8221;default&#8221; phone_text_alignment=&#8221;default&#8221; column_border_width=&#8221;none&#8221; column_border_style=&#8221;solid&#8221; bg_image_animation=&#8221;none&#8221;][image_with_animation image_url=&#8221;9472&#8243; alignment=&#8221;&#8221; animation=&#8221;Fade In&#8221; border_radius=&#8221;none&#8221; box_shadow=&#8221;x_large_depth&#8221; max_width=&#8221;100%&#8221;][\/vc_column][vc_column column_padding=&#8221;padding-6-percent&#8221; column_padding_position=&#8221;all&#8221; background_color_opacity=&#8221;1&#8243; background_hover_color_opacity=&#8221;1&#8243; column_link_target=&#8221;_self&#8221; column_shadow=&#8221;none&#8221; column_border_radius=&#8221;none&#8221; width=&#8221;1\/2&#8243; tablet_width_inherit=&#8221;default&#8221; tablet_text_alignment=&#8221;default&#8221; phone_text_alignment=&#8221;default&#8221; column_border_width=&#8221;none&#8221; column_border_style=&#8221;solid&#8221; bg_image_animation=&#8221;none&#8221;][vc_custom_heading text=&#8221;Diane Agatha Schaefer&#8221; font_container=&#8221;tag:h2|font_size:40|text_align:left|color:%2354a360|line_height:50px&#8221; use_theme_fonts=&#8221;yes&#8221; css_animation=&#8221;fadeInUp&#8221;][vc_column_text css=&#8221;.vc_custom_1770146267658{margin-top: 30px !important;margin-bottom: 30px !important;}&#8221;]Depuis petite j&#8217;aime profond\u00e9ment raconter et \u00e9crire des histoires. Jeune adulte je d\u00e9couvre l&#8217;anthropologie, discipline qui me fascine et me fa\u00e7onne. Ma qu\u00eate personnelle est de comprendre comment, ici et ailleurs, nous faisons sens de nos existences, en relations avec les autres vivants qui peuplent notre Monde. A la suite de mes \u00e9tudes, le cin\u00e9ma documentaire devient ma forme de transmission de savoir et d&#8217;apprentissage. Le langage cin\u00e9matographie prend une place de choix \u00e0 c\u00f4t\u00e9 de l&#8217;\u00e9criture dans ma vie.<\/p>\n<p>Fin 2024, je donne naissance \u00e0 ma fille. Ce rite de passage est le plus puissant qu&#8217;il m&#8217;est arriv\u00e9 de traverser, et d\u00e8s lors je cherche \u00e0 donner plus de sens \u00e0 ma pratique professionnelle. Deux couples d&#8217;ami.e.s, qui ne se connaissent pas, me demandent de c\u00e9l\u00e9brer leur union, et la posture de c\u00e9l\u00e9brante s&#8217;impose \u00e0 moi comme une \u00e9vidence.<\/p>\n<p>Form\u00e9e aux rituels la\u00efcs et aux c\u00e9r\u00e9monies de vie par L&#8217; ACOR en 2025, j&#8217;en suis membre depuis 2026. J&#8217;ai ensuite perfectionn\u00e9 ma posture physique et subtile en suivant la formation Tenir l&#8217;Espace de Camille Viennet.<\/p>\n<p>Anthropologue dipl\u00f4m\u00e9e, sp\u00e9cialis\u00e9e en anthropologie visuelle, je travaille en parall\u00e8le dans le monde du cin\u00e9ma \u00e0 des postes cr\u00e9atifs et productionnels. J&#8217;enseigne \u00e9galement les pratiques visuelles aux \u00e9tudiant.e.x.s de sciences sociales au niveau Bachelor et Master.<\/p>\n<p>Ma palette d&#8217;anthropologue, de cin\u00e9aste et de c\u00e9l\u00e9brante permet de cr\u00e9er des c\u00e9r\u00e9monies la\u00efques pleines de sens, emprunte de sacr\u00e9, dans un souci esth\u00e9tique et narratif, qui r\u00e9pondent r\u00e9ellement \u00e0 vos besoins rituels.[\/vc_column_text][vc_row_inner column_margin=&#8221;default&#8221; text_align=&#8221;left&#8221;][vc_column_inner column_padding=&#8221;no-extra-padding&#8221; column_padding_position=&#8221;all&#8221; background_color_opacity=&#8221;1&#8243; background_hover_color_opacity=&#8221;1&#8243; column_shadow=&#8221;none&#8221; column_border_radius=&#8221;none&#8221; column_link_target=&#8221;_self&#8221; width=&#8221;1\/1&#8243; tablet_width_inherit=&#8221;default&#8221; column_border_width=&#8221;none&#8221; column_border_style=&#8221;solid&#8221; bg_image_animation=&#8221;none&#8221;][divider line_type=&#8221;No Line&#8221; custom_height=&#8221;40&#8243;]<div class=\"iwithtext\"><div class=\"iwt-icon\"> <i class=\"icon-default-style icon-comment accent-color\"><\/i> <\/div><div class=\"iwt-text\"> <strong>Langues<\/strong>: Francais | Anglais | Espagnol <\/div><div class=\"clear\"><\/div><\/div><div class=\"iwithtext\"><div class=\"iwt-icon\"> <i class=\"icon-default-style icon-globe accent-color\"><\/i> <\/div><div class=\"iwt-text\"> <strong>Site web<\/strong>: <span data-sheets-root=\"1\"><a class=\"in-cell-link\" href=\"http:\/\/dianerituels.ch\" target=\"_blank\" rel=\"noopener\">dianerituels.ch<\/a><\/span> <\/div><div class=\"clear\"><\/div><\/div><div class=\"iwithtext\"><div class=\"iwt-icon\"> <i class=\"icon-default-style icon-envelope-alt accent-color\"><\/i> <\/div><div class=\"iwt-text\"> <strong>Email<\/strong>: <a href=\"mailto:diane.agatha.schaefer@gmail.com\">diane.agatha.schaefer@gmail.com<\/a> <\/div><div class=\"clear\"><\/div><\/div><div class=\"iwithtext\"><div class=\"iwt-icon\"> <i class=\"icon-default-style icon-phone accent-color\"><\/i> <\/div><div class=\"iwt-text\"> <strong>T\u00e9l\u00e9phone<\/strong>: <a href=\"tel:+41797176105\">+4179 717 61 05<\/a> <\/div><div class=\"clear\"><\/div><\/div>[\/vc_column_inner][\/vc_row_inner][divider line_type=&#8221;No Line&#8221;][nectar_btn size=&#8221;small&#8221; button_style=&#8221;regular&#8221; button_color_2=&#8221;Accent-Color&#8221; icon_family=&#8221;none&#8221; url=&#8221;https:\/\/acor-ceremonies.ch\/votre-celebrant\/&#8221; text=&#8221;Back to celebrants&#8221;][\/vc_column][\/vc_row][vc_row type=&#8221;in_container&#8221; full_screen_row_position=&#8221;middle&#8221; scene_position=&#8221;center&#8221; text_color=&#8221;dark&#8221; text_align=&#8221;left&#8221; overlay_strength=&#8221;0.3&#8243; shape_divider_position=&#8221;bottom&#8221; bg_image_animation=&#8221;none&#8221;][vc_column column_padding=&#8221;no-extra-padding&#8221; column_padding_position=&#8221;all&#8221; background_color_opacity=&#8221;1&#8243; background_hover_color_opacity=&#8221;1&#8243; column_link_target=&#8221;_self&#8221; column_shadow=&#8221;none&#8221; column_border_radius=&#8221;none&#8221; width=&#8221;1\/1&#8243; tablet_width_inherit=&#8221;default&#8221; tablet_text_alignment=&#8221;default&#8221; phone_text_alignment=&#8221;default&#8221; column_border_width=&#8221;none&#8221; column_border_style=&#8221;solid&#8221; bg_image_animation=&#8221;none&#8221;][vc_column_text][\/vc_column_text][\/vc_column][\/vc_row][vc_row type=&#8221;in_container&#8221; full_screen_row_position=&#8221;middle&#8221; scene_position=&#8221;center&#8221; text_color=&#8221;dark&#8221; text_align=&#8221;left&#8221; overlay_strength=&#8221;0.3&#8243; shape_divider_position=&#8221;bottom&#8221; bg_image_animation=&#8221;none&#8221;][vc_column column_padding=&#8221;no-extra-padding&#8221; column_padding_position=&#8221;all&#8221; background_color_opacity=&#8221;1&#8243; background_hover_color_opacity=&#8221;1&#8243; column_link_target=&#8221;_self&#8221; column_shadow=&#8221;none&#8221; column_border_radius=&#8221;none&#8221; width=&#8221;1\/1&#8243; tablet_width_inherit=&#8221;default&#8221; tablet_text_alignment=&#8221;default&#8221; phone_text_alignment=&#8221;default&#8221; column_border_width=&#8221;none&#8221; column_border_style=&#8221;solid&#8221; bg_image_animation=&#8221;none&#8221;][vc_column_text][\/vc_column_text][\/vc_column][\/vc_row]\n","protected":false},"excerpt":{"rendered":"<p>[vc_row type=&#8221;full_width_background&#8221; full_screen_row_position=&#8221;middle&#8221; equal_height=&#8221;yes&#8221; content_placement=&#8221;top&#8221; bg_color=&#8221;#ffffff&#8221; scene_position=&#8221;center&#8221; text_color=&#8221;dark&#8221; text_align=&#8221;left&#8221; top_padding=&#8221;4%&#8221; bottom_padding=&#8221;7%&#8221; overlay_strength=&#8221;0.3&#8243; shape_divider_position=&#8221;bottom&#8221; bg_image_animation=&#8221;none&#8221; shape_type=&#8221;&#8221;][vc_column column_padding=&#8221;no-extra-padding&#8221; column_padding_position=&#8221;all&#8221; background_color_opacity=&#8221;1&#8243; background_hover_color_opacity=&#8221;1&#8243; column_link_target=&#8221;_self&#8221; column_shadow=&#8221;none&#8221; column_border_radius=&#8221;none&#8221; width=&#8221;1\/2&#8243; tablet_width_inherit=&#8221;default&#8221; tablet_text_alignment=&#8221;default&#8221; phone_text_alignment=&#8221;default&#8221; column_border_width=&#8221;none&#8221; column_border_style=&#8221;solid&#8221; bg_image_animation=&#8221;none&#8221;][image_with_animation image_url=&#8221;9472&#8243;&#8230;<\/p>\n","protected":false},"author":3,"featured_media":0,"parent":0,"menu_order":0,"comment_status":"closed","ping_status":"closed","template":"","meta":{"_cbd_carousel_blocks":"[]","_crdt_document":"","om_disable_all_campaigns":false,"_monsterinsights_skip_tracking":false,"_monsterinsights_sitenote_active":false,"_monsterinsights_sitenote_note":"","_monsterinsights_sitenote_category":0,"_uf_show_specific_survey":0,"_uf_disable_surveys":false,"footnotes":""},"class_list":["post-9500","page","type-page","status-publish"],"aioseo_notices":[],"_links":{"self":[{"href":"https:\/\/acor-ceremonies.ch\/en\/wp-json\/wp\/v2\/pages\/9500","targetHints":{"allow":["GET"]}}],"collection":[{"href":"https:\/\/acor-ceremonies.ch\/en\/wp-json\/wp\/v2\/pages"}],"about":[{"href":"https:\/\/acor-ceremonies.ch\/en\/wp-json\/wp\/v2\/types\/page"}],"author":[{"embeddable":true,"href":"https:\/\/acor-ceremonies.ch\/en\/wp-json\/wp\/v2\/users\/3"}],"replies":[{"embeddable":true,"href":"https:\/\/acor-ceremonies.ch\/en\/wp-json\/wp\/v2\/comments?post=9500"}],"version-history":[{"count":2,"href":"https:\/\/acor-ceremonies.ch\/en\/wp-json\/wp\/v2\/pages\/9500\/revisions"}],"predecessor-version":[{"id":9502,"href":"https:\/\/acor-ceremonies.ch\/en\/wp-json\/wp\/v2\/pages\/9500\/revisions\/9502"}],"wp:attachment":[{"href":"https:\/\/acor-ceremonies.ch\/en\/wp-json\/wp\/v2\/media?parent=9500"}],"curies":[{"name":"wp","href":"https:\/\/api.w.org\/{rel}","templated":true}]}}