{"id":9518,"date":"2026-04-13T20:57:22","date_gmt":"2026-04-13T18:57:22","guid":{"rendered":"https:\/\/acor-ceremonies.ch\/?page_id=9518"},"modified":"2026-04-13T20:57:22","modified_gmt":"2026-04-13T18:57:22","slug":"andres-4","status":"publish","type":"page","link":"https:\/\/acor-ceremonies.ch\/en\/andres-4\/","title":{"rendered":"Andr\u00e9s"},"content":{"rendered":"[vc_row type=&#8221;full_width_background&#8221; full_screen_row_position=&#8221;middle&#8221; equal_height=&#8221;yes&#8221; content_placement=&#8221;top&#8221; bg_color=&#8221;#ffffff&#8221; scene_position=&#8221;center&#8221; text_color=&#8221;dark&#8221; text_align=&#8221;left&#8221; top_padding=&#8221;4%&#8221; bottom_padding=&#8221;7%&#8221; overlay_strength=&#8221;0.3&#8243; shape_divider_position=&#8221;bottom&#8221; bg_image_animation=&#8221;none&#8221; shape_type=&#8221;&#8221;][vc_column column_padding=&#8221;no-extra-padding&#8221; column_padding_position=&#8221;all&#8221; background_color_opacity=&#8221;1&#8243; background_hover_color_opacity=&#8221;1&#8243; column_link_target=&#8221;_self&#8221; column_shadow=&#8221;none&#8221; column_border_radius=&#8221;none&#8221; width=&#8221;1\/2&#8243; tablet_width_inherit=&#8221;default&#8221; tablet_text_alignment=&#8221;default&#8221; phone_text_alignment=&#8221;default&#8221; column_border_width=&#8221;none&#8221; column_border_style=&#8221;solid&#8221; bg_image_animation=&#8221;none&#8221;][image_with_animation image_url=&#8221;7565&#8243; alignment=&#8221;&#8221; animation=&#8221;Fade In&#8221; border_radius=&#8221;none&#8221; box_shadow=&#8221;x_large_depth&#8221; max_width=&#8221;100%&#8221;][\/vc_column][vc_column column_padding=&#8221;padding-6-percent&#8221; column_padding_position=&#8221;all&#8221; background_color_opacity=&#8221;1&#8243; background_hover_color_opacity=&#8221;1&#8243; column_link_target=&#8221;_self&#8221; column_shadow=&#8221;none&#8221; column_border_radius=&#8221;none&#8221; width=&#8221;1\/2&#8243; tablet_width_inherit=&#8221;default&#8221; tablet_text_alignment=&#8221;default&#8221; phone_text_alignment=&#8221;default&#8221; column_border_width=&#8221;none&#8221; column_border_style=&#8221;solid&#8221; bg_image_animation=&#8221;none&#8221;][vc_custom_heading text=&#8221;Andr\u00e9s Allemand Smaller&#8221; font_container=&#8221;tag:h2|font_size:40|text_align:left|color:%2354a360|line_height:50px&#8221; use_theme_fonts=&#8221;yes&#8221; css_animation=&#8221;fadeInUp&#8221;][vc_column_text css=&#8221;.vc_custom_1584209480830{margin-top: 30px !important;margin-bottom: 30px !important;}&#8221;]\n<p style=\"text-align: justify;\">Une \u00e9tape commence ? C\u2019est l\u2019union amoureuse \u00e0 c\u00e9l\u00e9brer, une naissance ou un nouveau d\u00e9part. C\u2019est la disparition d\u2019un \u00eatre cher, dont la m\u00e9moire nous accompagne. Toute c\u00e9r\u00e9monie est \u00e0 la fois universelle et unique, car nous avons en partage nos diff\u00e9rences. La vie m\u2019a appris \u00e0 valoriser cette diversit\u00e9. N\u00e9 \u00e0 Buenos Aires, j&#8217;ai grandi \u00e0 New-York puis Gen\u00e8ve. Mes proches sont chr\u00e9tiens, juifs, musulmans, bouddhistes, hindous, agnostiques ou ath\u00e9es. Chacun \u00e0 sa mani\u00e8re cherche \u00e0 donner du sens \u00e0 l&#8217;existence. Tout simplement. Et vous, quel sens donnez-vous \u00e0 vos amiti\u00e9s, \u00e0 vos amours ? Passionn\u00e9 par les rites sociaux, journaliste de profession, je veux vous aider \u00e0 composer une c\u00e9r\u00e9monie qui vous ressemble.<\/p>\n[\/vc_column_text][vc_row_inner column_margin=&#8221;default&#8221; text_align=&#8221;left&#8221;][vc_column_inner column_padding=&#8221;no-extra-padding&#8221; column_padding_position=&#8221;all&#8221; background_color_opacity=&#8221;1&#8243; background_hover_color_opacity=&#8221;1&#8243; column_shadow=&#8221;none&#8221; column_border_radius=&#8221;none&#8221; column_link_target=&#8221;_self&#8221; width=&#8221;1\/1&#8243; tablet_width_inherit=&#8221;default&#8221; column_border_width=&#8221;none&#8221; column_border_style=&#8221;solid&#8221; bg_image_animation=&#8221;none&#8221;][divider line_type=&#8221;No Line&#8221; custom_height=&#8221;40&#8243;]<div class=\"iwithtext\"><div class=\"iwt-icon\"> <i class=\"icon-default-style icon-comment accent-color\"><\/i> <\/div><div class=\"iwt-text\"> <strong>Langues<\/strong>: Fran\u00e7ais | Anglais | Espagnol <\/div><div class=\"clear\"><\/div><\/div><div class=\"iwithtext\"><div class=\"iwt-icon\"> <i class=\"icon-default-style icon-globe accent-color\"><\/i> <\/div><div class=\"iwt-text\"> <strong>Website<\/strong>: <a href=\"http:\/\/www.AndresTheCelebrant.com\">www.AndresTheCelebrant.com<\/a> <\/div><div class=\"clear\"><\/div><\/div><div class=\"iwithtext\"><div class=\"iwt-icon\"> <i class=\"icon-default-style icon-envelope-alt accent-color\"><\/i> <\/div><div class=\"iwt-text\"> <strong>Email<\/strong>: <a href=\"mailto:andres.allemand@gmail.com\">andres.allemand@gmail.com<\/a> <\/div><div class=\"clear\"><\/div><\/div><div class=\"iwithtext\"><div class=\"iwt-icon\"> <i class=\"icon-default-style icon-phone accent-color\"><\/i> <\/div><div class=\"iwt-text\"> <strong>Telephone<\/strong>: <a href=\"tel:+41%2077%20431%2068%2038\">+41 77 431 68 38<\/a> <\/div><div class=\"clear\"><\/div><\/div>[divider line_type=&#8221;No Line&#8221;][\/vc_column_inner][\/vc_row_inner][nectar_btn size=&#8221;small&#8221; button_style=&#8221;regular&#8221; button_color_2=&#8221;Accent-Color&#8221; icon_family=&#8221;none&#8221; url=&#8221;https:\/\/acor-ceremonies.ch\/votre-celebrant\/&#8221; text=&#8221;Back to celebrants&#8221;][\/vc_column][\/vc_row]\n","protected":false},"excerpt":{"rendered":"<p>[vc_row type=&#8221;full_width_background&#8221; full_screen_row_position=&#8221;middle&#8221; equal_height=&#8221;yes&#8221; content_placement=&#8221;top&#8221; bg_color=&#8221;#ffffff&#8221; scene_position=&#8221;center&#8221; text_color=&#8221;dark&#8221; text_align=&#8221;left&#8221; top_padding=&#8221;4%&#8221; bottom_padding=&#8221;7%&#8221; overlay_strength=&#8221;0.3&#8243; shape_divider_position=&#8221;bottom&#8221; bg_image_animation=&#8221;none&#8221; shape_type=&#8221;&#8221;][vc_column column_padding=&#8221;no-extra-padding&#8221; column_padding_position=&#8221;all&#8221; background_color_opacity=&#8221;1&#8243; background_hover_color_opacity=&#8221;1&#8243; column_link_target=&#8221;_self&#8221; column_shadow=&#8221;none&#8221; column_border_radius=&#8221;none&#8221; width=&#8221;1\/2&#8243; tablet_width_inherit=&#8221;default&#8221; tablet_text_alignment=&#8221;default&#8221; phone_text_alignment=&#8221;default&#8221; column_border_width=&#8221;none&#8221; column_border_style=&#8221;solid&#8221; bg_image_animation=&#8221;none&#8221;][image_with_animation image_url=&#8221;7565&#8243;&#8230;<\/p>\n","protected":false},"author":3,"featured_media":0,"parent":0,"menu_order":0,"comment_status":"closed","ping_status":"closed","template":"","meta":{"_cbd_carousel_blocks":"[]","_crdt_document":"","om_disable_all_campaigns":false,"_monsterinsights_skip_tracking":false,"_monsterinsights_sitenote_active":false,"_monsterinsights_sitenote_note":"","_monsterinsights_sitenote_category":0,"_uf_show_specific_survey":0,"_uf_disable_surveys":false,"footnotes":""},"class_list":["post-9518","page","type-page","status-publish"],"aioseo_notices":[],"_links":{"self":[{"href":"https:\/\/acor-ceremonies.ch\/en\/wp-json\/wp\/v2\/pages\/9518","targetHints":{"allow":["GET"]}}],"collection":[{"href":"https:\/\/acor-ceremonies.ch\/en\/wp-json\/wp\/v2\/pages"}],"about":[{"href":"https:\/\/acor-ceremonies.ch\/en\/wp-json\/wp\/v2\/types\/page"}],"author":[{"embeddable":true,"href":"https:\/\/acor-ceremonies.ch\/en\/wp-json\/wp\/v2\/users\/3"}],"replies":[{"embeddable":true,"href":"https:\/\/acor-ceremonies.ch\/en\/wp-json\/wp\/v2\/comments?post=9518"}],"version-history":[{"count":1,"href":"https:\/\/acor-ceremonies.ch\/en\/wp-json\/wp\/v2\/pages\/9518\/revisions"}],"predecessor-version":[{"id":9519,"href":"https:\/\/acor-ceremonies.ch\/en\/wp-json\/wp\/v2\/pages\/9518\/revisions\/9519"}],"wp:attachment":[{"href":"https:\/\/acor-ceremonies.ch\/en\/wp-json\/wp\/v2\/media?parent=9518"}],"curies":[{"name":"wp","href":"https:\/\/api.w.org\/{rel}","templated":true}]}}